{"id":197,"date":"2025-10-13T09:58:20","date_gmt":"2025-10-13T07:58:20","guid":{"rendered":"https:\/\/brocantedumont.be\/?page_id=197"},"modified":"2025-10-13T09:58:20","modified_gmt":"2025-10-13T07:58:20","slug":"brocante-du-mont","status":"publish","type":"page","link":"https:\/\/brocantedumont.be\/","title":{"rendered":"Brocante du mont"},"content":{"rendered":"\n<p class=\"has-text-align-center\">La brocante du mont 2025, c&#8217;est termin\u00e9 ! <br>Merci pour votre participation, cette \u00e9dition a \u00e9t\u00e9 un grand succ\u00e8s.<\/p>\n\n\n\n<p class=\"has-text-align-right\"><em>A bient\u00f4t pour l&#8217;\u00e9dition 2026 !<\/em><\/p>\n\n\n\n<p><\/p>\n","protected":false},"excerpt":{"rendered":"<p>La brocante du mont 2025, c&#8217;est termin\u00e9 ! Merci pour votre participation, cette \u00e9dition a \u00e9t\u00e9 un grand succ\u00e8s. A bient\u00f4t pour l&#8217;\u00e9dition 2026 !<\/p>\n","protected":false},"author":1,"featured_media":0,"parent":0,"menu_order":0,"comment_status":"closed","ping_status":"closed","template":"","meta":{"footnotes":""},"class_list":["post-197","page","type-page","status-publish","hentry","entry"],"_links":{"self":[{"href":"https:\/\/brocantedumont.be\/index.php?rest_route=\/wp\/v2\/pages\/197","targetHints":{"allow":["GET"]}}],"collection":[{"href":"https:\/\/brocantedumont.be\/index.php?rest_route=\/wp\/v2\/pages"}],"about":[{"href":"https:\/\/brocantedumont.be\/index.php?rest_route=\/wp\/v2\/types\/page"}],"author":[{"embeddable":true,"href":"https:\/\/brocantedumont.be\/index.php?rest_route=\/wp\/v2\/users\/1"}],"replies":[{"embeddable":true,"href":"https:\/\/brocantedumont.be\/index.php?rest_route=%2Fwp%2Fv2%2Fcomments&post=197"}],"version-history":[{"count":1,"href":"https:\/\/brocantedumont.be\/index.php?rest_route=\/wp\/v2\/pages\/197\/revisions"}],"predecessor-version":[{"id":198,"href":"https:\/\/brocantedumont.be\/index.php?rest_route=\/wp\/v2\/pages\/197\/revisions\/198"}],"wp:attachment":[{"href":"https:\/\/brocantedumont.be\/index.php?rest_route=%2Fwp%2Fv2%2Fmedia&parent=197"}],"curies":[{"name":"wp","href":"https:\/\/api.w.org\/{rel}","templated":true}]}}